{"id":3962,"date":"2021-05-19T04:36:10","date_gmt":"2021-05-19T01:36:10","guid":{"rendered":"http:\/\/localhost\/salion\/?page_id=3962"},"modified":"2026-01-13T01:54:08","modified_gmt":"2026-01-12T22:54:08","slug":"contact","status":"publish","type":"page","link":"https:\/\/ilhankaymak.com\/en\/contact\/","title":{"rendered":"Contact"},"content":{"rendered":"\t\t<div data-elementor-type=\"wp-page\" data-elementor-id=\"3962\" class=\"elementor elementor-3962\">\n\t\t\t\t\t\t<div class=\"elementor-inner\">\n\t\t\t\t<div class=\"elementor-section-wrap\">\n\t\t\t\t\t\t\t\t\t<section class=\"elementor-section elementor-top-section elementor-element elementor-element-3c491dc elementor-section-boxed elementor-section-height-default elementor-section-height-default\" data-id=\"3c491dc\" data-element_type=\"section\">\n\t\t\t\t\t\t<div class=\"elementor-container elementor-column-gap-default\">\n\t\t\t\t\t\t\t<div class=\"elementor-row\">\n\t\t\t\t\t<div class=\"elementor-column elementor-col-50 elementor-top-column elementor-element elementor-element-4bdd11a contact-box-layout3 style2\" data-id=\"4bdd11a\" data-element_type=\"column\" data-settings=\"{&quot;background_background&quot;:&quot;classic&quot;}\">\n\t\t\t<div class=\"elementor-column-wrap elementor-element-populated\">\n\t\t\t\t\t\t\t<div class=\"elementor-widget-wrap\">\n\t\t\t\t\t\t<div class=\"elementor-element elementor-element-f5cde8a elementor-widget elementor-widget-rt-title\" data-id=\"f5cde8a\" data-element_type=\"widget\" data-widget_type=\"rt-title.default\">\n\t\t\t\t<div class=\"elementor-widget-container\">\n\t\t\t\n<div class=\"section-heading heading-layout4\">\n\t<div class=\"heading content\">\n\t\t\t\t<h2 class=\"heading-title\">Contact<\/h2>\n\t\t\t<\/div>\n<\/div>\t\t<\/div>\n\t\t\t\t<\/div>\n\t\t\t\t<div class=\"elementor-element elementor-element-bbe49c0 elementor-widget elementor-widget-rt-contact-box\" data-id=\"bbe49c0\" data-element_type=\"widget\" data-widget_type=\"rt-contact-box.default\">\n\t\t\t\t<div class=\"elementor-widget-container\">\n\t\t\t<ul class=\"address-info\">\n        <li><h3 class=\"address-title addr-title\">Address<\/h3>\n        <div class=\"address-description addr-desc\">Ni\u015fanta\u015f\u0131, Te\u015fvikiye, \u015eakay\u0131k Sk. Cemenzar Ap No:48\/A, 34365 \u015ei\u015fli\/\u0130stanbul Istanbul, Turkey <\/div>\n    <\/li>\n        <li>\n        <h3 class=\"address-title hours-title\">Phone<\/h3>\n                <div class=\"address-description hour-desc\">+90 (532) 290 94 24<\/div>\n            <\/li>\n        <li>\n        <h3 class=\"address-title contact-title\">E-Mail<\/h3>\n                <div class=\"address-description contact-desc\"><strong>info@ilhankaymak.com<\/strong><\/div>\n            <\/li>\n                                           \n<\/ul>\n\t\t<\/div>\n\t\t\t\t<\/div>\n\t\t\t\t<div class=\"elementor-element elementor-element-8f8528d elementor-shape-circle e-grid-align-left elementor-grid-0 elementor-widget elementor-widget-social-icons\" data-id=\"8f8528d\" data-element_type=\"widget\" data-widget_type=\"social-icons.default\">\n\t\t\t\t<div class=\"elementor-widget-container\">\n\t\t\t\t\t<div class=\"elementor-social-icons-wrapper elementor-grid\">\n\t\t\t\t\t\t\t<span class=\"elementor-grid-item\">\n\t\t\t\t\t<a class=\"elementor-icon elementor-social-icon elementor-social-icon-instagram elementor-repeater-item-6c1c89b\" href=\"https:\/\/www.instagram.com\/ilhankaymak\/\" target=\"_blank\">\n\t\t\t\t\t\t<span class=\"elementor-screen-only\">Instagram<\/span>\n\t\t\t\t\t\t<i class=\"fab fa-instagram\"><\/i>\t\t\t\t\t<\/a>\n\t\t\t\t<\/span>\n\t\t\t\t\t\t\t<span class=\"elementor-grid-item\">\n\t\t\t\t\t<a class=\"elementor-icon elementor-social-icon elementor-social-icon-youtube elementor-repeater-item-0725d53\" href=\"https:\/\/www.youtube.com\/@ilhantikky\" target=\"_blank\">\n\t\t\t\t\t\t<span class=\"elementor-screen-only\">Youtube<\/span>\n\t\t\t\t\t\t<i class=\"fab fa-youtube\"><\/i>\t\t\t\t\t<\/a>\n\t\t\t\t<\/span>\n\t\t\t\t\t<\/div>\n\t\t\t\t<\/div>\n\t\t\t\t<\/div>\n\t\t\t\t\t\t<\/div>\n\t\t\t\t\t<\/div>\n\t\t<\/div>\n\t\t\t\t<div class=\"elementor-column elementor-col-50 elementor-top-column elementor-element elementor-element-33128d9 contact-box-layout3 style2\" data-id=\"33128d9\" data-element_type=\"column\" data-settings=\"{&quot;background_background&quot;:&quot;classic&quot;}\">\n\t\t\t<div class=\"elementor-column-wrap elementor-element-populated\">\n\t\t\t\t\t\t\t<div class=\"elementor-widget-wrap\">\n\t\t\t\t\t\t<div class=\"elementor-element elementor-element-5c2a34c elementor-widget elementor-widget-html\" data-id=\"5c2a34c\" data-element_type=\"widget\" data-widget_type=\"html.default\">\n\t\t\t\t<div class=\"elementor-widget-container\">\n\t\t\t<iframe src=\"https:\/\/www.google.com\/maps\/embed?pb=!1m18!1m12!1m3!1d3008.811806476477!2d28.994293!3d41.051244399999995!2m3!1f0!2f0!3f0!3m2!1i1024!2i768!4f13.1!3m3!1m2!1s0x14cab70ed481275f%3A0xa45bde1869508e6f!2sKaimak%20Hair%20Studio%20(ilhan%20kaymak)!5e0!3m2!1str!2str!4v1768257469073!5m2!1str!2str\" width=\"600\" height=\"450\" style=\"border:0;\" allowfullscreen=\"\" loading=\"lazy\" referrerpolicy=\"no-referrer-when-downgrade\"><\/iframe>\t\t<\/div>\n\t\t\t\t<\/div>\n\t\t\t\t\t\t<\/div>\n\t\t\t\t\t<\/div>\n\t\t<\/div>\n\t\t\t\t\t\t\t\t<\/div>\n\t\t\t\t\t<\/div>\n\t\t<\/section>\n\t\t\t\t\t\t\t\t\t<\/div>\n\t\t\t<\/div>\n\t\t\t\t\t<\/div>\n\t\t","protected":false},"excerpt":{"rendered":"<p>Contact Address Ni\u015fanta\u015f\u0131, Te\u015fvikiye, \u015eakay\u0131k Sk. Cemenzar Ap No:48\/A, 34365 \u015ei\u015fli\/\u0130stanbul Istanbul, Turkey Phone +90 (532) 290 94 24 E-Mail info@ilhankaymak.com Instagram Youtube<\/p>\n","protected":false},"author":1,"featured_media":0,"parent":0,"menu_order":0,"comment_status":"closed","ping_status":"closed","template":"templates\/blank.php","meta":{"footnotes":""},"class_list":["post-3962","page","type-page","status-publish","hentry"],"_links":{"self":[{"href":"https:\/\/ilhankaymak.com\/en\/wp-json\/wp\/v2\/pages\/3962","targetHints":{"allow":["GET"]}}],"collection":[{"href":"https:\/\/ilhankaymak.com\/en\/wp-json\/wp\/v2\/pages"}],"about":[{"href":"https:\/\/ilhankaymak.com\/en\/wp-json\/wp\/v2\/types\/page"}],"author":[{"embeddable":true,"href":"https:\/\/ilhankaymak.com\/en\/wp-json\/wp\/v2\/users\/1"}],"replies":[{"embeddable":true,"href":"https:\/\/ilhankaymak.com\/en\/wp-json\/wp\/v2\/comments?post=3962"}],"version-history":[{"count":37,"href":"https:\/\/ilhankaymak.com\/en\/wp-json\/wp\/v2\/pages\/3962\/revisions"}],"predecessor-version":[{"id":6002,"href":"https:\/\/ilhankaymak.com\/en\/wp-json\/wp\/v2\/pages\/3962\/revisions\/6002"}],"wp:attachment":[{"href":"https:\/\/ilhankaymak.com\/en\/wp-json\/wp\/v2\/media?parent=3962"}],"curies":[{"name":"wp","href":"https:\/\/api.w.org\/{rel}","templated":true}]}}